{"id":4,"date":"2016-02-12T07:54:41","date_gmt":"2016-02-12T07:54:41","guid":{"rendered":"http:\/\/demos.famethemes.com\/onepress-oneify\/?page_id=4"},"modified":"2025-12-09T11:25:29","modified_gmt":"2025-12-09T11:25:29","slug":"home-2","status":"publish","type":"page","link":"https:\/\/endodalacqua.com.br\/","title":{"rendered":"Centro de endosacopia"},"content":{"rendered":"\t\t<div data-elementor-type=\"wp-page\" data-elementor-id=\"4\" class=\"elementor elementor-4\">\n\t\t\t\t<div class=\"elementor-element elementor-element-d770f0f e-con-full e-flex e-con e-parent\" data-id=\"d770f0f\" data-element_type=\"container\" data-settings=\"{&quot;background_background&quot;:&quot;classic&quot;}\">\n\t\t\t\t<div class=\"elementor-element elementor-element-db04c65 elementor-widget elementor-widget-shortcode\" data-id=\"db04c65\" data-element_type=\"widget\" data-widget_type=\"shortcode.default\">\n\t\t\t\t\t\t\t<div class=\"elementor-shortcode\"><div id=\"metaslider-id-1510\" style=\"width: 100%;\" class=\"ml-slider-3-103-0 metaslider metaslider-flex metaslider-1510 ml-slider has-dots-nav ms-theme-default-base\" role=\"region\" aria-label=\"Home\" data-height=\"500\" data-width=\"1300\">\n    <div id=\"metaslider_container_1510\">\n        <div id=\"metaslider_1510\">\n            <ul aria-live='off' class='slides'>\n                <li style=\"display: block; width: 100%;\" class=\"slide-1511 ms-image \" aria-roledescription=\"slide\" data-date=\"2025-12-05 01:33:47\" data-slide-type=\"image\"><img fetchpriority=\"high\" decoding=\"async\" src=\"https:\/\/endodalacqua.com.br\/wp-content\/uploads\/2025\/12\/Banner-Clinica-Medica-Simples-Verde-Branco-e-Azul-1-5-scaled-1300x500.jpg\" height=\"500\" width=\"1300\" alt=\"\" class=\"slider-1510 slide-1511 msDefaultImage\" title=\"Banner Cl\u00ednica M\u00e9dica Simples Verde, Branco e Azul\" \/><\/li>\n            <\/ul>\n        <\/div>\n        \n    <\/div>\n<\/div><\/div>\n\t\t\t\t\t\t<\/div>\n\t\t\t\t<div class=\"elementor-element elementor-element-962c319 elementor-widget elementor-widget-menu-anchor\" data-id=\"962c319\" data-element_type=\"widget\" data-widget_type=\"menu-anchor.default\">\n\t\t\t\t\t\t\t<div class=\"elementor-menu-anchor\" id=\"clinica\"><\/div>\n\t\t\t\t\t\t<\/div>\n\t\t\t\t<\/div>\n\t\t<div class=\"elementor-element elementor-element-5c904d6 e-flex e-con-boxed e-con e-parent\" data-id=\"5c904d6\" data-element_type=\"container\">\n\t\t\t\t\t<div class=\"e-con-inner\">\n\t\t<div class=\"elementor-element elementor-element-fad96e2 e-con-full e-flex e-con e-child\" data-id=\"fad96e2\" data-element_type=\"container\">\n\t\t\t\t<div class=\"elementor-element elementor-element-78b1b08 elementor-widget elementor-widget-heading\" data-id=\"78b1b08\" data-element_type=\"widget\" data-widget_type=\"heading.default\">\n\t\t\t\t\t<h2 class=\"elementor-heading-title elementor-size-default\">Nossa cl\u00ednica<\/h2>\t\t\t\t<\/div>\n\t\t\t\t<div class=\"elementor-element elementor-element-1b9471f elementor-widget elementor-widget-image\" data-id=\"1b9471f\" data-element_type=\"widget\" data-widget_type=\"image.default\">\n\t\t\t\t\t\t\t\t\t\t\t\t\t\t\t<img decoding=\"async\" width=\"1024\" height=\"768\" src=\"https:\/\/endodalacqua.com.br\/wp-content\/uploads\/2023\/10\/portao-1024x768.jpg\" class=\"attachment-large size-large wp-image-1466\" alt=\"\" srcset=\"https:\/\/endodalacqua.com.br\/wp-content\/uploads\/2023\/10\/portao-1024x768.jpg 1024w, https:\/\/endodalacqua.com.br\/wp-content\/uploads\/2023\/10\/portao-1536x1152.jpg 1536w\" sizes=\"(max-width: 1024px) 100vw, 1024px\" \/>\t\t\t\t\t\t\t\t\t\t\t\t\t\t\t<\/div>\n\t\t\t\t<\/div>\n\t\t<div class=\"elementor-element elementor-element-0c11946 e-con-full e-flex e-con e-child\" data-id=\"0c11946\" data-element_type=\"container\">\n\t\t\t\t<div class=\"elementor-element elementor-element-d939576 elementor-widget elementor-widget-text-editor\" data-id=\"d939576\" data-element_type=\"widget\" data-widget_type=\"text-editor.default\">\n\t\t\t\t\t\t\t\t\t<p data-start=\"130\" data-end=\"342\">Localizada na <strong data-start=\"144\" data-end=\"217\">Rua Esp\u00edrito Santo, 524 \u2013 Bairro Santo Antonio, S\u00e3o Caetano do Sul-SP<\/strong>, nossa cl\u00ednica \u00e9 especializada em oferecer atendimento humanizado e exames endosc\u00f3picos com precis\u00e3o, seguran\u00e7a e conforto.<\/p><p data-start=\"344\" data-end=\"646\">Contamos com estrutura moderna, equipamentos de \u00faltima gera\u00e7\u00e3o e uma equipe experiente, preparada para garantir diagn\u00f3sticos r\u00e1pidos e assertivos. Nosso compromisso \u00e9 proporcionar um cuidado completo, desde o agendamento at\u00e9 o p\u00f3s-exame, sempre prezando pela tranquilidade e bem-estar de cada paciente.<\/p><p data-start=\"648\" data-end=\"804\">Se voc\u00ea busca um local confi\u00e1vel para realizar endoscopia digestiva alta, colonoscopia ou outros procedimentos, estamos prontos para atender com excel\u00eancia.<\/p><p data-start=\"806\" data-end=\"881\"><strong data-start=\"806\" data-end=\"881\">Entre em contato e agende seu exame. Sua sa\u00fade merece o melhor cuidado.<\/strong><\/p>\t\t\t\t\t\t\t\t<\/div>\n\t\t\t\t<\/div>\n\t\t\t\t\t<\/div>\n\t\t\t\t<\/div>\n\t\t<div class=\"elementor-element elementor-element-d37d2a5 e-flex e-con-boxed e-con e-parent\" data-id=\"d37d2a5\" data-element_type=\"container\">\n\t\t\t\t\t<div class=\"e-con-inner\">\n\t\t<div class=\"elementor-element elementor-element-a961cef e-con-full e-flex e-con e-child\" data-id=\"a961cef\" data-element_type=\"container\">\n\t\t\t\t<div class=\"elementor-element elementor-element-659217eb ekit-equal-height-disable elementor-widget elementor-widget-elementskit-icon-box\" data-id=\"659217eb\" data-element_type=\"widget\" data-widget_type=\"elementskit-icon-box.default\">\n\t\t\t\t\t<div class=\"ekit-wid-con\" >        <!-- link opening -->\n                <a href=\"#\" class=\"ekit_global_links\">\n                <!-- end link opening -->\n\n        <div class=\"elementskit-infobox text-center text- icon-top-align elementor-animation-bob   \">\n                    <div class=\"elementskit-box-header elementor-animation-\">\n                <div class=\"elementskit-info-box-icon  \">\n                    <svg class=\"elementkit-infobox-icon ekit-svg-icon icon-support\" viewBox=\"0 0 32 32\" xmlns=\"http:\/\/www.w3.org\/2000\/svg\"><path d=\"M28.5 11.5h-1.512c-0.288-5.845-5.097-10.476-10.988-10.476s-10.7 4.63-10.986 10.45l-0.001 0.026h-1.513c-1.38 0.002-2.498 1.12-2.5 2.5v4c0.002 1.38 1.12 2.498 2.5 2.5h2c0.828 0 1.5-0.672 1.5-1.5v0-6c-0.003-0.639-0.405-1.183-0.969-1.397l-0.010-0.003c0.214-5.347 4.6-9.6 9.98-9.6s9.766 4.253 9.979 9.581l0.001 0.019c-0.575 0.217-0.977 0.761-0.98 1.4v6c0.003 0.647 0.414 1.197 0.99 1.405l0.010 0.003v1.592c-0.006 3.437-2.677 6.249-6.058 6.477l-0.020 0.001c-0.237-0.856-1.007-1.475-1.922-1.479h-4c-1.105 0-2 0.895-2 2s0.895 2 2 2v0h4c0.932-0.003 1.714-0.643 1.933-1.508l0.003-0.014c3.946-0.238 7.057-3.494 7.064-7.477v-1.501h1.5c1.38-0.002 2.498-1.12 2.5-2.5v-4c-0.002-1.38-1.12-2.498-2.5-2.5h-0zM4 19.5h-0.5c-0.828 0-1.5-0.672-1.5-1.5v0-4c0-0.828 0.672-1.5 1.5-1.5v0h0.5zM6 19c0 0.276-0.224 0.5-0.5 0.5v0h-0.5v-7h0.5c0.276 0 0.5 0.224 0.5 0.5v0zM18 30h-4c-0.552 0-1-0.448-1-1s0.448-1 1-1v0h4c0.552 0 1 0.448 1 1s-0.448 1-1 1v0zM27 19.5h-0.5c-0.276 0-0.5-0.224-0.5-0.5v0-6c0-0.276 0.224-0.5 0.5-0.5v0h0.5zM30 18c0 0.828-0.672 1.5-1.5 1.5v0h-0.5v-7h0.5c0.828 0 1.5 0.672 1.5 1.5v0z\"><\/path><path d=\"M23 16c0-3.866-3.134-7-7-7s-7 3.134-7 7c0 3.866 3.134 7 7 7v0c3.864-0.004 6.996-3.136 7-7v-0zM10 16c0-3.314 2.686-6 6-6s6 2.686 6 6c0 3.314-2.686 6-6 6v0c-3.312-0.004-5.996-2.688-6-6v-0z\"><\/path><path d=\"M19.854 12.854l-0.707-0.707-3.146 3.146-1.646-1.646-0.707 0.707 2.354 2.354 3.854-3.854z\"><\/path><\/svg>\n                <\/div>\n          <\/div>\n                        <div class=\"box-body\">\n                            <h3 class=\"elementskit-info-box-title\">\n                    Atendimento                <\/h3>\n                        \t\t  \t<p>Segunda \u00e0 Sexta\n6:00h \u00e0s 16:00h\n\nS\u00e1bados\nentrar em contato\n<\/p>\n                                <\/div>\n        \n        \n                <\/div>\n                <\/a>\n        <\/div>\t\t\t\t<\/div>\n\t\t\t\t<\/div>\n\t\t<div class=\"elementor-element elementor-element-01125b5 e-con-full e-flex e-con e-child\" data-id=\"01125b5\" data-element_type=\"container\">\n\t\t\t\t<div class=\"elementor-element elementor-element-ade1629 ekit-equal-height-disable elementor-widget elementor-widget-elementskit-icon-box\" data-id=\"ade1629\" data-element_type=\"widget\" data-widget_type=\"elementskit-icon-box.default\">\n\t\t\t\t\t<div class=\"ekit-wid-con\" >        <!-- link opening -->\n                <a href=\"#\" class=\"ekit_global_links\">\n                <!-- end link opening -->\n\n        <div class=\"elementskit-infobox text-center text- icon-top-align elementor-animation-bob   \">\n                    <div class=\"elementskit-box-header elementor-animation-\">\n                <div class=\"elementskit-info-box-icon  \">\n                    <svg class=\"elementkit-infobox-icon ekit-svg-icon icon-shield\" viewBox=\"0 0 32 32\" xmlns=\"http:\/\/www.w3.org\/2000\/svg\"><path d=\"M30.696 7.103l-0.043-1.002-0.998-0.102c-3.833-0.394-7.128-1.824-9.218-2.955-2.288-1.238-3.676-2.4-3.688-2.411l-0.749-0.633-0.75 0.632c-0.014 0.012-1.401 1.173-3.689 2.412-2.089 1.131-5.385 2.561-9.218 2.955l-0.998 0.102-0.043 1.002c-0.008 0.179-0.168 4.454 1.479 9.63 0.972 3.054 2.375 5.791 4.17 8.134 2.255 2.942 5.131 5.262 8.548 6.894l0.5 0.239 0.5-0.239c3.417-1.632 6.293-3.951 8.548-6.894 1.796-2.343 3.199-5.080 4.17-8.134 1.646-5.176 1.486-9.45 1.479-9.63zM16 29.421c-2.851-1.449-5.264-3.441-7.178-5.929-1.631-2.119-2.911-4.605-3.805-7.389-1.093-3.403-1.338-6.438-1.388-7.928 1.537-0.228 3.092-0.612 4.634-1.146 1.508-0.522 3.009-1.187 4.461-1.976 1.473-0.801 2.595-1.567 3.275-2.067 0.681 0.501 1.802 1.266 3.275 2.067 1.452 0.79 2.953 1.455 4.461 1.976 1.543 0.534 3.098 0.918 4.636 1.146-0.048 1.476-0.288 4.468-1.365 7.855-0.89 2.798-2.169 5.297-3.801 7.427-1.919 2.504-4.341 4.509-7.206 5.965z\"><\/path><path d=\"M22.323 10.722l-7.651 7.651-3.473-3.473-1.641 1.641 5.114 5.114 9.292-9.292z\"><\/path><\/svg>\n                <\/div>\n          <\/div>\n                        <div class=\"box-body\">\n                            <h3 class=\"elementskit-info-box-title\">\n                    Profissional                <\/h3>\n                        \t\t  \t<p>30 anos atuando na \u00e1rea da sa\u00fade, especializada em diagnostico com aparelhos de ultima gera\u00e7\u00e3o e imagens em 3D<\/p>\n                                <\/div>\n        \n        \n                <\/div>\n                <\/a>\n        <\/div>\t\t\t\t<\/div>\n\t\t\t\t<\/div>\n\t\t<div class=\"elementor-element elementor-element-e3d9a69 e-con-full e-flex e-con e-child\" data-id=\"e3d9a69\" data-element_type=\"container\">\n\t\t\t\t<div class=\"elementor-element elementor-element-c1dbf64 ekit-equal-height-disable elementor-widget elementor-widget-elementskit-icon-box\" data-id=\"c1dbf64\" data-element_type=\"widget\" data-widget_type=\"elementskit-icon-box.default\">\n\t\t\t\t\t<div class=\"ekit-wid-con\" >        <!-- link opening -->\n                <a href=\"#\" class=\"ekit_global_links\">\n                <!-- end link opening -->\n\n        <div class=\"elementskit-infobox text-center text- icon-top-align elementor-animation-bob   \">\n                    <div class=\"elementskit-box-header elementor-animation-\">\n                <div class=\"elementskit-info-box-icon  \">\n                    <svg class=\"elementkit-infobox-icon ekit-svg-icon icon-label\" viewBox=\"0 0 32 32\" xmlns=\"http:\/\/www.w3.org\/2000\/svg\"><path d=\"M27.788 21.386l-3.014 4.33-2.127-1.746c-0.23-0.189-0.569-0.155-0.758 0.074-0.189 0.23-0.156 0.57 0.075 0.758l2.578 2.116c0.097 0.080 0.218 0.123 0.341 0.123 0.024 0 0.049-0.002 0.074-0.005 0.149-0.020 0.282-0.102 0.368-0.226l3.347-4.809c0.17-0.244 0.11-0.58-0.135-0.75-0.245-0.172-0.58-0.11-0.75 0.134z\"><\/path><path d=\"M26.978 17.636l3.407-3.397v-7.616l-5.986-5.972h-7.543l-16.855 16.811 13.544 13.573 4.737-4.725c0.851 2.908 3.537 5.041 6.717 5.041 3.861 0 7.002-3.141 7.002-7.002 0.001-3.173-2.123-5.855-5.022-6.712zM23.952 1.727l5.355 5.342v6.722l-3.603 3.591c-0.051-0.005-0.103-0.004-0.154-0.008-0.040-0.003-0.080-0.007-0.12-0.010-0.031-0.002-0.064-0.006-0.094-0.008-0.116-0.006-0.228-0.010-0.338-0.010-3.861 0-7.002 3.141-7.002 7.002 0 0.107 0.003 0.216 0.010 0.329 0.002 0.039 0.007 0.081 0.010 0.121 0.003 0.035 0.005 0.071 0.009 0.108 0.003 0.041 0.002 0.083 0.006 0.124l-1.254 1.25-12.018-12.043 12.541-12.509h6.652zM1.524 17.463l2.473-2.467 12.022 12.048-2.473 2.467-12.022-12.048zM24.998 30.272c-2.989 0-5.461-2.227-5.861-5.106l-0.002-0.011c-0.012-0.087-0.018-0.162-0.026-0.241-0.004-0.039-0.010-0.082-0.013-0.12-0.011-0.148-0.023-0.296-0.023-0.447 0-3.267 2.658-5.924 5.924-5.924 0.151 0 0.3 0.011 0.449 0.023 0.024 0.002 0.051 0.006 0.075 0.008 0.097 0.010 0.192 0.018 0.299 0.033l0.013 0.002c2.871 0.409 5.088 2.877 5.088 5.858 0.001 3.268-2.657 5.925-5.924 5.925z\"><\/path><path d=\"M22.852 9.736c1.169 0 2.119-0.951 2.119-2.119s-0.951-2.12-2.119-2.12-2.12 0.951-2.12 2.12 0.951 2.119 2.12 2.119zM22.852 6.574c0.575 0 1.042 0.468 1.042 1.043 0 0.574-0.468 1.042-1.042 1.042s-1.043-0.467-1.043-1.042c0-0.575 0.468-1.043 1.043-1.043z\"><\/path><\/svg>\n                <\/div>\n          <\/div>\n                        <div class=\"box-body\">\n                            <h3 class=\"elementskit-info-box-title\">\n                    Exames                <\/h3>\n                        \t\t  \t<p>Endoscopia Digestiva Alta\nColonoscopia\nColonoscopia\/Endoscopia\nLaringoscopia\nAnuscopia\nRetossigmoidoscopia<\/p>\n                                <\/div>\n        \n        \n                <\/div>\n                <\/a>\n        <\/div>\t\t\t\t<\/div>\n\t\t\t\t<\/div>\n\t\t<div class=\"elementor-element elementor-element-7afcf2e e-con-full e-flex e-con e-child\" data-id=\"7afcf2e\" data-element_type=\"container\">\n\t\t\t\t<div class=\"elementor-element elementor-element-09672eb ekit-equal-height-disable elementor-widget elementor-widget-elementskit-icon-box\" data-id=\"09672eb\" data-element_type=\"widget\" data-widget_type=\"elementskit-icon-box.default\">\n\t\t\t\t\t<div class=\"ekit-wid-con\" >        <!-- link opening -->\n                <a href=\"#\" class=\"ekit_global_links\">\n                <!-- end link opening -->\n\n        <div class=\"elementskit-infobox text-center text- icon-top-align elementor-animation-bob   \">\n                    <div class=\"elementskit-box-header elementor-animation-\">\n                <div class=\"elementskit-info-box-icon  \">\n                    <svg class=\"elementkit-infobox-icon ekit-svg-icon icon-hospital\" viewBox=\"0 0 32 32\" xmlns=\"http:\/\/www.w3.org\/2000\/svg\"><path d=\"M24.533 13.867v3.2h4.267v-3.2h-4.267zM27.733 16h-2.133v-1.067h2.133v1.067z\"><\/path><path d=\"M24.533 18.133v3.2h4.267v-3.2h-4.267zM27.733 20.267h-2.133v-1.067h2.133v1.067z\"><\/path><path d=\"M24.533 22.4v3.2h4.267v-3.2h-4.267zM27.733 24.533h-2.133v-1.067h2.133v1.067z\"><\/path><path d=\"M24.533 26.667v3.2h4.267v-3.2h-4.267zM27.733 28.8h-2.133v-1.067h2.133v1.067z\"><\/path><path d=\"M18.133 5.333v-3.2h-4.267v3.2h-3.2v4.267h3.2v3.2h4.267v-3.2h3.2v-4.267h-3.2zM20.267 8.533h-3.2v3.2h-2.133v-3.2h-3.2v-2.133h3.2v-3.2h2.133v3.2h3.2v2.133z\"><\/path><path d=\"M23.467 11.733v-11.733h-14.933v11.733h-7.467v20.267h29.867v-20.267h-7.467zM8.533 30.933h-6.4v-18.133h6.4v18.133zM15.467 30.933h-2.667v-9.6h2.667v9.6zM19.2 30.933h-2.667v-9.6h2.667v9.6zM22.4 30.933h-2.133v-10.667h-8.533v10.667h-2.133v-29.867h12.8v29.867zM29.867 30.933h-6.4v-18.133h6.4v18.133z\"><\/path><path d=\"M3.2 13.867v3.2h4.267v-3.2h-4.267zM6.4 16h-2.133v-1.067h2.133v1.067z\"><\/path><path d=\"M3.2 18.133v3.2h4.267v-3.2h-4.267zM6.4 20.267h-2.133v-1.067h2.133v1.067z\"><\/path><path d=\"M3.2 22.4v3.2h4.267v-3.2h-4.267zM6.4 24.533h-2.133v-1.067h2.133v1.067z\"><\/path><path d=\"M3.2 26.667v3.2h4.267v-3.2h-4.267zM6.4 28.8h-2.133v-1.067h2.133v1.067z\"><\/path><\/svg>\n                <\/div>\n          <\/div>\n                        <div class=\"box-body\">\n                            <h3 class=\"elementskit-info-box-title\">\n                    Conv\u00eanios                <\/h3>\n                        \t\t  \t<p>Particular\nSul Am\u00e9rica\nSa\u00fade Bradesco\nMediservice\nCabesp\nEconomus\nSa\u00fade Blue<\/p>\n                                <\/div>\n        \n        \n                <\/div>\n                <\/a>\n        <\/div>\t\t\t\t<\/div>\n\t\t\t\t<\/div>\n\t\t\t\t\t<\/div>\n\t\t\t\t<\/div>\n\t\t<div class=\"elementor-element elementor-element-29844ce e-flex e-con-boxed e-con e-parent\" data-id=\"29844ce\" data-element_type=\"container\" data-settings=\"{&quot;background_background&quot;:&quot;classic&quot;}\">\n\t\t\t\t\t<div class=\"e-con-inner\">\n\t\t\t\t<div class=\"elementor-element elementor-element-4526697 elementor-widget elementor-widget-menu-anchor\" data-id=\"4526697\" data-element_type=\"widget\" data-widget_type=\"menu-anchor.default\">\n\t\t\t\t\t\t\t<div class=\"elementor-menu-anchor\" id=\"fotos\"><\/div>\n\t\t\t\t\t\t<\/div>\n\t\t\t\t<div class=\"elementor-element elementor-element-d884b3d elementor-widget elementor-widget-heading\" data-id=\"d884b3d\" data-element_type=\"widget\" data-widget_type=\"heading.default\">\n\t\t\t\t\t<h2 class=\"elementor-heading-title elementor-size-default\">Fotos do Centro de Endoscopia<\/h2>\t\t\t\t<\/div>\n\t\t\t\t<div class=\"elementor-element elementor-element-69fa5b9 elementor-arrows-position-inside elementor-pagination-position-outside elementor-widget elementor-widget-image-carousel\" data-id=\"69fa5b9\" data-element_type=\"widget\" data-settings=\"{&quot;navigation&quot;:&quot;both&quot;,&quot;autoplay&quot;:&quot;yes&quot;,&quot;pause_on_hover&quot;:&quot;yes&quot;,&quot;pause_on_interaction&quot;:&quot;yes&quot;,&quot;autoplay_speed&quot;:5000,&quot;infinite&quot;:&quot;yes&quot;,&quot;speed&quot;:500}\" data-widget_type=\"image-carousel.default\">\n\t\t\t\t\t\t\t<div class=\"elementor-image-carousel-wrapper swiper\" role=\"region\" aria-roledescription=\"carousel\" aria-label=\"Carrossel de imagens\" dir=\"ltr\">\n\t\t\t<div class=\"elementor-image-carousel swiper-wrapper\" aria-live=\"off\">\n\t\t\t\t\t\t\t\t<div class=\"swiper-slide\" role=\"group\" aria-roledescription=\"slide\" aria-label=\"1 de 7\"><figure class=\"swiper-slide-inner\"><img decoding=\"async\" class=\"swiper-slide-image\" src=\"https:\/\/endodalacqua.com.br\/wp-content\/uploads\/2023\/10\/portao-e1697751448234-300x200.jpg\" alt=\"\" \/><\/figure><\/div><div class=\"swiper-slide\" role=\"group\" aria-roledescription=\"slide\" aria-label=\"2 de 7\"><figure class=\"swiper-slide-inner\"><img decoding=\"async\" class=\"swiper-slide-image\" src=\"https:\/\/endodalacqua.com.br\/wp-content\/uploads\/2023\/08\/Imagem-do-WhatsApp-de-2023-087-as-11.23.19-300x225.jpg\" alt=\"\" \/><\/figure><\/div><div class=\"swiper-slide\" role=\"group\" aria-roledescription=\"slide\" aria-label=\"3 de 7\"><figure class=\"swiper-slide-inner\"><img decoding=\"async\" class=\"swiper-slide-image\" src=\"https:\/\/endodalacqua.com.br\/wp-content\/uploads\/2023\/08\/Imagem-do-WhatsApp-de-2023-08-as-11.23.21-300x225.jpg\" alt=\"Imagem do WhatsApp de 2023-08-\u00e0(s) 11.23.21\" \/><\/figure><\/div><div class=\"swiper-slide\" role=\"group\" aria-roledescription=\"slide\" aria-label=\"4 de 7\"><figure class=\"swiper-slide-inner\"><img decoding=\"async\" class=\"swiper-slide-image\" src=\"https:\/\/endodalacqua.com.br\/wp-content\/uploads\/2023\/08\/Imagem-do-WhatsApp-de-2023-08-17-as-11.23.18-300x225.jpg\" alt=\"Imagem do WhatsApp de 2023-08-17 \u00e0(s) 11.23.18\" \/><\/figure><\/div><div class=\"swiper-slide\" role=\"group\" aria-roledescription=\"slide\" aria-label=\"5 de 7\"><figure class=\"swiper-slide-inner\"><img decoding=\"async\" class=\"swiper-slide-image\" src=\"https:\/\/endodalacqua.com.br\/wp-content\/uploads\/2023\/08\/Imagem-do-WhatsApp-de-2023-08-17-as-11.23.14-e1697751376653-300x256.jpg\" alt=\"\" \/><\/figure><\/div><div class=\"swiper-slide\" role=\"group\" aria-roledescription=\"slide\" aria-label=\"6 de 7\"><figure class=\"swiper-slide-inner\"><img decoding=\"async\" class=\"swiper-slide-image\" src=\"https:\/\/endodalacqua.com.br\/wp-content\/uploads\/2023\/08\/Imagem-do-WhatsApp-de-2023-08-17-as-11.3.17-300x225.jpg\" alt=\"\" \/><\/figure><\/div><div class=\"swiper-slide\" role=\"group\" aria-roledescription=\"slide\" aria-label=\"7 de 7\"><figure class=\"swiper-slide-inner\"><img decoding=\"async\" class=\"swiper-slide-image\" src=\"https:\/\/endodalacqua.com.br\/wp-content\/uploads\/2023\/08\/Imagem-do-WhatsApp-de-2023-08-as-11.23.22-300x225.jpg\" alt=\"\" \/><\/figure><\/div>\t\t\t<\/div>\n\t\t\t\t\t\t\t\t\t\t\t\t<div class=\"elementor-swiper-button elementor-swiper-button-prev\" role=\"button\" tabindex=\"0\">\n\t\t\t\t\t\t<svg aria-hidden=\"true\" class=\"e-font-icon-svg e-eicon-chevron-left\" viewBox=\"0 0 1000 1000\" xmlns=\"http:\/\/www.w3.org\/2000\/svg\"><path d=\"M646 125C629 125 613 133 604 142L308 442C296 454 292 471 292 487 292 504 296 521 308 533L604 854C617 867 629 875 646 875 663 875 679 871 692 858 704 846 713 829 713 812 713 796 708 779 692 767L438 487 692 225C700 217 708 204 708 187 708 171 704 154 692 142 675 129 663 125 646 125Z\"><\/path><\/svg>\t\t\t\t\t<\/div>\n\t\t\t\t\t<div class=\"elementor-swiper-button elementor-swiper-button-next\" role=\"button\" tabindex=\"0\">\n\t\t\t\t\t\t<svg aria-hidden=\"true\" class=\"e-font-icon-svg e-eicon-chevron-right\" viewBox=\"0 0 1000 1000\" xmlns=\"http:\/\/www.w3.org\/2000\/svg\"><path d=\"M696 533C708 521 713 504 713 487 713 471 708 454 696 446L400 146C388 133 375 125 354 125 338 125 325 129 313 142 300 154 292 171 292 187 292 204 296 221 308 233L563 492 304 771C292 783 288 800 288 817 288 833 296 850 308 863 321 871 338 875 354 875 371 875 388 867 400 854L696 533Z\"><\/path><\/svg>\t\t\t\t\t<\/div>\n\t\t\t\t\n\t\t\t\t\t\t\t\t\t<div class=\"swiper-pagination\"><\/div>\n\t\t\t\t\t\t\t\t\t<\/div>\n\t\t\t\t\t\t<\/div>\n\t\t\t\t\t<\/div>\n\t\t\t\t<\/div>\n\t\t<div class=\"elementor-element elementor-element-743c996 e-flex e-con-boxed e-con e-parent\" data-id=\"743c996\" data-element_type=\"container\">\n\t\t\t\t\t<div class=\"e-con-inner\">\n\t\t\t\t<div class=\"elementor-element elementor-element-4424d60 elementor-widget elementor-widget-google_maps\" data-id=\"4424d60\" data-element_type=\"widget\" data-widget_type=\"google_maps.default\">\n\t\t\t\t\t\t\t<div class=\"elementor-custom-embed\">\n\t\t\t<iframe loading=\"lazy\"\n\t\t\t\t\tsrc=\"https:\/\/maps.google.com\/maps?q=Rua%20Esp%C3%ADrito%20Santo%2C%20524%20Bairro%20Santo%20Antonio%20S%C3%A3o%20Caetano%20do%20Sul-SP%20Cep%3A%2009530-700&#038;t=m&#038;z=15&#038;output=embed&#038;iwloc=near\"\n\t\t\t\t\ttitle=\"Rua Esp\u00edrito Santo, 524 Bairro Santo Antonio S\u00e3o Caetano do Sul-SP Cep: 09530-700\"\n\t\t\t\t\taria-label=\"Rua Esp\u00edrito Santo, 524 Bairro Santo Antonio S\u00e3o Caetano do Sul-SP Cep: 09530-700\"\n\t\t\t><\/iframe>\n\t\t<\/div>\n\t\t\t\t\t\t<\/div>\n\t\t\t\t\t<\/div>\n\t\t\t\t<\/div>\n\t\t\t\t<\/div>\n\t\t","protected":false},"excerpt":{"rendered":"<p>Nossa cl\u00ednica Localizada na Rua Esp\u00edrito Santo, 524 \u2013 Bairro Santo Antonio, S\u00e3o Caetano do Sul-SP, nossa cl\u00ednica \u00e9 especializada em oferecer atendimento humanizado e exames endosc\u00f3picos com precis\u00e3o, seguran\u00e7a e conforto. Contamos com estrutura moderna, equipamentos de \u00faltima gera\u00e7\u00e3o e uma equipe experiente, preparada para garantir diagn\u00f3sticos r\u00e1pidos e assertivos. Nosso compromisso \u00e9 proporcionar [&hellip;]<\/p>\n","protected":false},"author":1,"featured_media":0,"parent":0,"menu_order":0,"comment_status":"closed","ping_status":"closed","template":"elementor_header_footer","meta":{"footnotes":""},"class_list":["post-4","page","type-page","status-publish","hentry"],"_links":{"self":[{"href":"https:\/\/endodalacqua.com.br\/index.php?rest_route=\/wp\/v2\/pages\/4","targetHints":{"allow":["GET"]}}],"collection":[{"href":"https:\/\/endodalacqua.com.br\/index.php?rest_route=\/wp\/v2\/pages"}],"about":[{"href":"https:\/\/endodalacqua.com.br\/index.php?rest_route=\/wp\/v2\/types\/page"}],"author":[{"embeddable":true,"href":"https:\/\/endodalacqua.com.br\/index.php?rest_route=\/wp\/v2\/users\/1"}],"replies":[{"embeddable":true,"href":"https:\/\/endodalacqua.com.br\/index.php?rest_route=%2Fwp%2Fv2%2Fcomments&post=4"}],"version-history":[{"count":49,"href":"https:\/\/endodalacqua.com.br\/index.php?rest_route=\/wp\/v2\/pages\/4\/revisions"}],"predecessor-version":[{"id":1657,"href":"https:\/\/endodalacqua.com.br\/index.php?rest_route=\/wp\/v2\/pages\/4\/revisions\/1657"}],"wp:attachment":[{"href":"https:\/\/endodalacqua.com.br\/index.php?rest_route=%2Fwp%2Fv2%2Fmedia&parent=4"}],"curies":[{"name":"wp","href":"https:\/\/api.w.org\/{rel}","templated":true}]}}